{"id":8,"date":"2021-04-07T13:24:53","date_gmt":"2021-04-07T17:24:53","guid":{"rendered":"https:\/\/www.frigotechoutaouais.com\/?page_id=8"},"modified":"2025-05-08T10:31:45","modified_gmt":"2025-05-08T14:31:45","slug":"services","status":"publish","type":"page","link":"https:\/\/www.frigotechoutaouais.com\/fr\/services\/","title":{"rendered":"Services"},"content":{"rendered":"<section class=\"top-container\">\n<div class=\"container\">\n<div class=\"row\">\n<div class=\"col-lg-12 col-xl-10 mx-auto\">\n<div class=\"lc-block\">\n<div editable=\"rich\">\n<h1>Nous offrons nos services de vente, installation et r\u00e9paration de r\u00e9frig\u00e9ration, climatisation et chauffage dans le domaine commercial et industriel <strong>\u00e0 Gatineau, en Outaouais et \u00e0 Ottawa.<\/strong><\/h1>\n<\/p><\/div>\n<\/p><\/div>\n<p><!-- \/lc-block --><\/p>\n<div class=\"lc-block\">\n<div lc-helper=\"shortcode\" class=\"live-shortcode\"><a class=\"contact btn\" href=\"https:\/\/www.frigotechoutaouais.com\/fr\/nous-joindre\/?your-sujet=Obtenir une soumission\" aria-label=\"Obtenez une soumission\">Obtenez une soumission<\/a><\/div>\n<\/p><\/div>\n<p><!-- \/lc-block -->\n\t\t\t<\/div>\n<p><!-- \/col -->\n\t\t<\/div>\n<\/p><\/div>\n<\/section>\n<section class=\"content-container\">\n<div class=\"container\">\n<div class=\"row\">\n<div class=\"col-lg-6\">\n<div class=\"lc-block maintext\">\n<div editable=\"rich\">\n<h2 class=\"h4\">Besoins en Vente, installation ou r\u00e9paration d\u2019\u00e9quipement de r\u00e9frig\u00e9ration commerciale ? Nous sommes la r\u00e9f\u00e9rence dans l\u2019Outaouais&nbsp;!<\/h2>\n<p>Nous offrons une multitude de services dans le domaine commercial et industriel afin de r\u00e9pondre \u00e0 tous les besoins de notre client\u00e8le \u00e0 Gatineau, en Outaouais et aussi \u00e0 Ottawa. En plus de faire la vente, l\u2019installation et la r\u00e9paration d\u2019\u00e9quipement de r\u00e9frig\u00e9ration et de syst\u00e8me de chauffage et climatisation, nous offrons aussi des contrats de service pour permettre un bon fonctionnement et entretien de votre \u00e9quipement. Faire affaire avec Frigotech, c\u2019est choisir la fiabilit\u00e9 et favoriser le bon d\u00e9roulement de votre entreprise. Offrez-vous le luxe d&rsquo;\u00e9quipement en sant\u00e9 avec Frigotech d\u00e8s maintenant!<\/p>\n<p>Notre \u00e9quipe de techniciens qualifi\u00e9s intervient rapidement et efficacement, que ce soit pour une urgence, une installation planifi\u00e9e ou un entretien pr\u00e9ventif. Gr\u00e2ce \u00e0 notre expertise et \u00e0 notre approche personnalis\u00e9e, nous b\u00e2tissons des relations de confiance avec nos clients et veillons \u00e0 ce que chaque syst\u00e8me fonctionne de mani\u00e8re optimale, saison apr\u00e8s saison. Avec Frigotech \u00e0 Gatineau, en Outaouais et \u00e0 Ottawa, vous avez l\u2019assurance d\u2019un service professionnel, transparent et adapt\u00e9 \u00e0 vos besoins.<\/p>\n<\/p><\/div>\n<\/p><\/div>\n<p><!-- \/lc-block --><\/p>\n<div class=\"lc-block\">\n<div lc-helper=\"shortcode\" class=\"live-shortcode\"><a class=\"contact btn\" href=\"https:\/\/www.frigotechoutaouais.com\/fr\/nous-joindre\/\" aria-label=\"Obtenir plus de d\u00e9tails\">Obtenir plus de d\u00e9tails<\/a><\/div>\n<\/p><\/div>\n<p><!-- \/lc-block -->\n\t\t\t<\/div>\n<p><!-- \/col --><\/p>\n<div class=\"col-lg-6 col-xxl-5 ml-auto\">\n<div class=\"lc-block liste_services\">\n<div lc-helper=\"shortcode\" class=\"live-shortcode\"><h3 class=\"h4\">Services offerts :<\/h3><ul><li>Vente et installation d'\u00e9quipement de r\u00e9frig\u00e9ration, machine \u00e0 glace et syst\u00e8me de climatisation\/chauffage<\/li><li>R\u00e9paration d'\u00e9quipement de r\u00e9frig\u00e9ration commercial<\/li><li>R\u00e9paration de chambre froide et chambre cong\u00e9lateur<\/li><li>R\u00e9paration de machine \u00e0 glace <\/li><li>R\u00e9paration de condenseur, \u00e9vaporateur, groupe condenseur\/compresseur et unit\u00e9 de r\u00e9frig\u00e9ration<\/li><li>Contrat d'entretien<\/li><li>R\u00e9paration de comptoirs r\u00e9frig\u00e9r\u00e9s<\/li><li>R\u00e9paration et remplacement des unit\u00e9s de toits<\/li><\/ul><\/div>\n<\/p><\/div>\n<p><!-- \/lc-block -->\n\t\t\t<\/div>\n<p><!-- \/col -->\n\t\t<\/div>\n<\/p><\/div>\n<\/section>\n<section class=\"logo-container\">\n<div class=\"container\">\n<div class=\"row justify-content-center align-items-center\">\n<div class=\"col-auto\">\n<div class=\"lc-block\">\n\t\t\t\t\t<a href=\"https:\/\/www.cmmtq.org\/\" rel=\"nofollow noopener\" target=\"_blank\">\n\t\t\t\t\t\t<picture><source srcset=\"https:\/\/www.frigotechoutaouais.com\/wp-content\/uploads\/2021\/04\/cmmtq-1.webp\" type=\"image\/webp\"><img decoding=\"async\" class=\"img-fluid jetpack-lazy-image\" src=\"https:\/\/www.frigotechoutaouais.com\/wp-content\/uploads\/2021\/04\/cmmtq-1.png\" alt=\"\" data-lazy-src=\"https:\/\/www.frigotechoutaouais.com\/wp-content\/uploads\/2021\/04\/cmmtq-1.png?is-pending-load=1\" srcset=\"data:image\/gif;base64,R0lGODlhAQABAIAAAAAAAP\/\/\/yH5BAEAAAAALAAAAAABAAEAAAIBRAA7\"><\/picture><noscript><picture><source srcset=\"https:\/\/www.frigotechoutaouais.com\/wp-content\/uploads\/2021\/04\/cmmtq-1.webp\" type=\"image\/webp\"><img decoding=\"async\" data-lazy-fallback=\"1\" class=\"img-fluid\" src=\"https:\/\/www.frigotechoutaouais.com\/wp-content\/uploads\/2021\/04\/cmmtq-1.png\" alt=\"\"><\/picture><\/noscript><br \/>\n\t\t\t\t\t<\/a>\n\t\t\t\t<\/div>\n<p><!-- \/lc-block -->\n\t\t\t<\/div>\n<p><!-- \/col --><\/p>\n<div class=\"col-auto\">\n<div class=\"lc-block\">\n\t\t\t\t\t<a href=\"https:\/\/www.tssa.org\/en\/index.aspx\" rel=\"nofollow noopener\" target=\"_blank\">\n\t\t\t\t\t\t<picture><source srcset=\"https:\/\/www.frigotechoutaouais.com\/wp-content\/uploads\/2021\/04\/tssa-1.webp\" type=\"image\/webp\"><img decoding=\"async\" class=\"img-fluid jetpack-lazy-image\" src=\"https:\/\/www.frigotechoutaouais.com\/wp-content\/uploads\/2021\/04\/tssa-1.png\" alt=\"\" data-lazy-src=\"https:\/\/www.frigotechoutaouais.com\/wp-content\/uploads\/2021\/04\/tssa-1.png?is-pending-load=1\" srcset=\"data:image\/gif;base64,R0lGODlhAQABAIAAAAAAAP\/\/\/yH5BAEAAAAALAAAAAABAAEAAAIBRAA7\"><\/picture><noscript><picture><source srcset=\"https:\/\/www.frigotechoutaouais.com\/wp-content\/uploads\/2021\/04\/tssa-1.webp\" type=\"image\/webp\"><img decoding=\"async\" data-lazy-fallback=\"1\" class=\"img-fluid\" src=\"https:\/\/www.frigotechoutaouais.com\/wp-content\/uploads\/2021\/04\/tssa-1.png\" alt=\"\"><\/picture><\/noscript><br \/>\n\t\t\t\t\t<\/a>\n\t\t\t\t<\/div>\n<p><!-- \/lc-block -->\n\t\t\t<\/div>\n<p><!-- \/col --><\/p>\n<div class=\"col-auto\">\n<div class=\"lc-block\">\n\t\t\t\t\t<a href=\"https:\/\/www.ccq.org\/\" rel=\"nofollow noopener\" target=\"_blank\">\n\t\t\t\t\t\t<picture><source srcset=\"https:\/\/www.frigotechoutaouais.com\/wp-content\/uploads\/2021\/04\/ccq-1.webp\" type=\"image\/webp\"><img decoding=\"async\" class=\"img-fluid jetpack-lazy-image\" src=\"https:\/\/www.frigotechoutaouais.com\/wp-content\/uploads\/2021\/04\/ccq-1.png\" alt=\"\" data-lazy-src=\"https:\/\/www.frigotechoutaouais.com\/wp-content\/uploads\/2021\/04\/ccq-1.png?is-pending-load=1\" srcset=\"data:image\/gif;base64,R0lGODlhAQABAIAAAAAAAP\/\/\/yH5BAEAAAAALAAAAAABAAEAAAIBRAA7\"><\/picture><noscript><picture><source srcset=\"https:\/\/www.frigotechoutaouais.com\/wp-content\/uploads\/2021\/04\/ccq-1.webp\" type=\"image\/webp\"><img decoding=\"async\" data-lazy-fallback=\"1\" class=\"img-fluid\" src=\"https:\/\/www.frigotechoutaouais.com\/wp-content\/uploads\/2021\/04\/ccq-1.png\" alt=\"\"><\/picture><\/noscript><br \/>\n\t\t\t\t\t<\/a>\n\t\t\t\t<\/div>\n<p><!-- \/lc-block -->\n\t\t\t<\/div>\n<p><!-- \/col --><\/p>\n<div class=\"col-auto\">\n<div class=\"lc-block\">\n\t\t\t\t\t<a href=\"https:\/\/www.rbq.gouv.qc.ca\/\" rel=\"nofollow noopener\" target=\"_blank\">\n\t\t\t\t\t\t<picture><source srcset=\"https:\/\/www.frigotechoutaouais.com\/wp-content\/uploads\/2021\/04\/rbq-1.webp\" type=\"image\/webp\"><img decoding=\"async\" class=\"img-fluid jetpack-lazy-image\" src=\"https:\/\/www.frigotechoutaouais.com\/wp-content\/uploads\/2021\/04\/rbq-1.png\" alt=\"\" data-lazy-src=\"https:\/\/www.frigotechoutaouais.com\/wp-content\/uploads\/2021\/04\/rbq-1.png?is-pending-load=1\" srcset=\"data:image\/gif;base64,R0lGODlhAQABAIAAAAAAAP\/\/\/yH5BAEAAAAALAAAAAABAAEAAAIBRAA7\"><\/picture><noscript><picture><source srcset=\"https:\/\/www.frigotechoutaouais.com\/wp-content\/uploads\/2021\/04\/rbq-1.webp\" type=\"image\/webp\"><img decoding=\"async\" data-lazy-fallback=\"1\" class=\"img-fluid\" src=\"https:\/\/www.frigotechoutaouais.com\/wp-content\/uploads\/2021\/04\/rbq-1.png\" alt=\"\"><\/picture><\/noscript><br \/>\n\t\t\t\t\t<\/a>\n\t\t\t\t<\/div>\n<p><!-- \/lc-block -->\n\t\t\t<\/div>\n<p><!-- \/col -->\n\t\t<\/div>\n<\/p><\/div>\n<\/section>\n<section class=\"slider-container\">\n<div class=\"container\">\n<div class=\"row\">\n<div class=\"col-md-12\">\n<div class=\"lc-block\">\n<div lc-helper=\"shortcode\" class=\"live-shortcode\"><div id=\"metaslider-id-56\" style=\"width: 100%; margin: 0 auto;\" class=\"ml-slider-3-108-0 metaslider metaslider-flex metaslider-56 ml-slider has-carousel-mode ms-theme-default nav-hidden\" role=\"region\" aria-label=\"logo slider\" data-height=\"182\" data-width=\"358\">\n    <div id=\"metaslider_container_56\">\n        <div id=\"metaslider_56\">\n            <ul class='slides'>\n                <li style=\"display: none; width: 100%;\" class=\"slide-78 ms-image \" aria-roledescription=\"slide\" data-date=\"2021-04-09 10:53:28\" data-filename=\"keeprite-1.png\" data-slide-type=\"image\"><img loading=\"lazy\" decoding=\"async\" src=\"https:\/\/www.frigotechoutaouais.com\/wp-content\/uploads\/2021\/04\/keeprite-1.png\" height=\"182\" width=\"358\" alt=\"\" class=\"slider-56 slide-78 msDefaultImage\" title=\"keeprite\" \/><\/li>\n                <li style=\"display: none; width: 100%;\" class=\"slide-91 ms-image \" aria-roledescription=\"slide\" data-date=\"2021-04-09 10:58:50\" data-filename=\"copeland-2.png\" data-slide-type=\"image\"><img loading=\"lazy\" decoding=\"async\" src=\"https:\/\/www.frigotechoutaouais.com\/wp-content\/uploads\/2021\/04\/copeland-2.png\" height=\"182\" width=\"358\" alt=\"\" class=\"slider-56 slide-91 msDefaultImage\" title=\"copeland\" \/><\/li>\n                <li style=\"display: none; width: 100%;\" class=\"slide-89 ms-image \" aria-roledescription=\"slide\" data-date=\"2021-04-09 10:58:50\" data-filename=\"refplus-2.png\" data-slide-type=\"image\"><img loading=\"lazy\" decoding=\"async\" src=\"https:\/\/www.frigotechoutaouais.com\/wp-content\/uploads\/2021\/04\/refplus-2.png\" height=\"182\" width=\"358\" alt=\"\" class=\"slider-56 slide-89 msDefaultImage\" title=\"refplus\" \/><\/li>\n                <li style=\"display: none; width: 100%;\" class=\"slide-90 ms-image \" aria-roledescription=\"slide\" data-date=\"2021-04-09 10:58:50\" data-filename=\"tecumseh-2.png\" data-slide-type=\"image\"><img loading=\"lazy\" decoding=\"async\" src=\"https:\/\/www.frigotechoutaouais.com\/wp-content\/uploads\/2021\/04\/tecumseh-2.png\" height=\"182\" width=\"358\" alt=\"\" class=\"slider-56 slide-90 msDefaultImage\" title=\"tecumseh\" \/><\/li>\n                <li style=\"display: none; width: 100%;\" class=\"slide-142 ms-image \" aria-roledescription=\"slide\" data-date=\"2021-04-09 16:06:25\" data-filename=\"carrier.png\" data-slide-type=\"image\"><img loading=\"lazy\" decoding=\"async\" src=\"https:\/\/www.frigotechoutaouais.com\/wp-content\/uploads\/2021\/04\/carrier.png\" height=\"182\" width=\"358\" alt=\"\" class=\"slider-56 slide-142 msDefaultImage\" title=\"carrier\" \/><\/li>\n                <li style=\"display: none; width: 100%;\" class=\"slide-141 ms-image \" aria-roledescription=\"slide\" data-date=\"2021-04-09 16:06:25\" data-filename=\"york-logo.png\" data-slide-type=\"image\"><img loading=\"lazy\" decoding=\"async\" src=\"https:\/\/www.frigotechoutaouais.com\/wp-content\/uploads\/2021\/04\/york-logo.png\" height=\"182\" width=\"358\" alt=\"\" class=\"slider-56 slide-141 msDefaultImage\" title=\"york-logo\" \/><\/li>\n                <li style=\"display: none; width: 100%;\" class=\"slide-143 ms-image \" aria-roledescription=\"slide\" data-date=\"2021-04-09 16:06:25\" data-filename=\"ruud.png\" data-slide-type=\"image\"><img loading=\"lazy\" decoding=\"async\" src=\"https:\/\/www.frigotechoutaouais.com\/wp-content\/uploads\/2021\/04\/ruud.png\" height=\"182\" width=\"358\" alt=\"\" class=\"slider-56 slide-143 msDefaultImage\" title=\"ruud\" \/><\/li>\n                <li style=\"display: none; width: 100%;\" class=\"slide-179 ms-image \" aria-roledescription=\"slide\" data-date=\"2021-04-29 09:40:20\" data-filename=\"trane-logo.png\" data-slide-type=\"image\"><img loading=\"lazy\" decoding=\"async\" src=\"https:\/\/www.frigotechoutaouais.com\/wp-content\/uploads\/2021\/04\/trane-logo.png\" height=\"182\" width=\"358\" alt=\"\" class=\"slider-56 slide-179 msDefaultImage\" title=\"trane-logo\" \/><\/li>\n                <li style=\"display: none; width: 100%;\" class=\"slide-182 ms-image \" aria-roledescription=\"slide\" data-date=\"2021-04-29 09:40:29\" data-filename=\"lennox-logo.png\" data-slide-type=\"image\"><img loading=\"lazy\" decoding=\"async\" src=\"https:\/\/www.frigotechoutaouais.com\/wp-content\/uploads\/2021\/04\/lennox-logo.png\" height=\"182\" width=\"358\" alt=\"\" class=\"slider-56 slide-182 msDefaultImage\" title=\"lennox-logo\" \/><\/li>\n                <li style=\"display: none; width: 100%;\" class=\"slide-185 ms-image \" aria-roledescription=\"slide\" data-date=\"2021-04-29 09:40:39\" data-filename=\"daikin-logo.png\" data-slide-type=\"image\"><img loading=\"lazy\" decoding=\"async\" src=\"https:\/\/www.frigotechoutaouais.com\/wp-content\/uploads\/2021\/04\/daikin-logo.png\" height=\"182\" width=\"358\" alt=\"\" class=\"slider-56 slide-185 msDefaultImage\" title=\"daikin-logo\" \/><\/li>\n                <li style=\"display: none; width: 100%;\" class=\"slide-188 ms-image \" aria-roledescription=\"slide\" data-date=\"2021-04-29 09:40:55\" data-filename=\"scotsman-logo.png\" data-slide-type=\"image\"><img loading=\"lazy\" decoding=\"async\" src=\"https:\/\/www.frigotechoutaouais.com\/wp-content\/uploads\/2021\/04\/scotsman-logo.png\" height=\"182\" width=\"358\" alt=\"\" class=\"slider-56 slide-188 msDefaultImage\" title=\"scotsman-logo\" \/><\/li>\n                <li style=\"display: none; width: 100%;\" class=\"slide-191 ms-image \" aria-roledescription=\"slide\" data-date=\"2021-04-29 09:41:09\" data-filename=\"ice-o-matic-logo.png\" data-slide-type=\"image\"><img loading=\"lazy\" decoding=\"async\" src=\"https:\/\/www.frigotechoutaouais.com\/wp-content\/uploads\/2021\/04\/ice-o-matic-logo.png\" height=\"182\" width=\"358\" alt=\"\" class=\"slider-56 slide-191 msDefaultImage\" title=\"ice-o-matic-logo\" \/><\/li>\n                <li style=\"display: none; width: 100%;\" class=\"slide-194 ms-image \" aria-roledescription=\"slide\" data-date=\"2021-04-29 09:41:17\" data-filename=\"hoshizaki-logo.png\" data-slide-type=\"image\"><img loading=\"lazy\" decoding=\"async\" src=\"https:\/\/www.frigotechoutaouais.com\/wp-content\/uploads\/2021\/04\/hoshizaki-logo.png\" height=\"182\" width=\"358\" alt=\"\" class=\"slider-56 slide-194 msDefaultImage\" title=\"hoshizaki-logo\" \/><\/li>\n                <li style=\"display: none; width: 100%;\" class=\"slide-197 ms-image \" aria-roledescription=\"slide\" data-date=\"2021-04-29 09:41:28\" data-filename=\"larkin-logo.png\" data-slide-type=\"image\"><img loading=\"lazy\" decoding=\"async\" src=\"https:\/\/www.frigotechoutaouais.com\/wp-content\/uploads\/2021\/04\/larkin-logo.png\" height=\"182\" width=\"358\" alt=\"\" class=\"slider-56 slide-197 msDefaultImage\" title=\"larkin-logo\" \/><\/li>\n            <\/ul>\n        <\/div>\n        \n    <\/div>\n<\/div><\/div>\n<\/p><\/div>\n<p><!-- \/lc-block -->\n\t\t\t<\/div>\n<p><!-- \/col -->\n\t\t<\/div>\n<\/p><\/div>\n<\/section>\n","protected":false},"excerpt":{"rendered":"<p>Nous offrons nos services de vente, installation et r\u00e9paration de r\u00e9frig\u00e9ration, climatisation et chauffage dans le domaine commercial et industriel \u00e0 Gatineau, en Outaouais et \u00e0 Ottawa. Besoins en Vente, installation ou r\u00e9paration d\u2019\u00e9quipement de r\u00e9frig\u00e9ration commerciale ? Nous sommes la r\u00e9f\u00e9rence dans l\u2019Outaouais&nbsp;! Nous offrons une multitude de services dans le domaine commercial et [&hellip;]<\/p>\n","protected":false},"author":1,"featured_media":0,"parent":0,"menu_order":0,"comment_status":"closed","ping_status":"closed","template":"","meta":{"footnotes":""},"class_list":["post-8","page","type-page","status-publish","hentry"],"_links":{"self":[{"href":"https:\/\/www.frigotechoutaouais.com\/fr\/wp-json\/wp\/v2\/pages\/8","targetHints":{"allow":["GET"]}}],"collection":[{"href":"https:\/\/www.frigotechoutaouais.com\/fr\/wp-json\/wp\/v2\/pages"}],"about":[{"href":"https:\/\/www.frigotechoutaouais.com\/fr\/wp-json\/wp\/v2\/types\/page"}],"author":[{"embeddable":true,"href":"https:\/\/www.frigotechoutaouais.com\/fr\/wp-json\/wp\/v2\/users\/1"}],"replies":[{"embeddable":true,"href":"https:\/\/www.frigotechoutaouais.com\/fr\/wp-json\/wp\/v2\/comments?post=8"}],"version-history":[{"count":18,"href":"https:\/\/www.frigotechoutaouais.com\/fr\/wp-json\/wp\/v2\/pages\/8\/revisions"}],"predecessor-version":[{"id":25423,"href":"https:\/\/www.frigotechoutaouais.com\/fr\/wp-json\/wp\/v2\/pages\/8\/revisions\/25423"}],"wp:attachment":[{"href":"https:\/\/www.frigotechoutaouais.com\/fr\/wp-json\/wp\/v2\/media?parent=8"}],"curies":[{"name":"wp","href":"https:\/\/api.w.org\/{rel}","templated":true}]}}